{"id":512,"date":"2022-03-20T21:03:31","date_gmt":"2022-03-20T20:03:31","guid":{"rendered":"https:\/\/www.aldebert-fleuriste.fr\/?page_id=512"},"modified":"2022-03-20T21:09:02","modified_gmt":"2022-03-20T20:09:02","slug":"suppression-des-donnees","status":"publish","type":"page","link":"https:\/\/www.aldebert-fleuriste.fr\/index.php\/suppression-des-donnees\/","title":{"rendered":"Suppression des donn\u00e9es"},"content":{"rendered":"<p>[et_pb_section fb_built=\u00a0\u00bb1&Prime; fullwidth=\u00a0\u00bbon\u00a0\u00bb _builder_version=\u00a0\u00bb4.15&Prime; _module_preset=\u00a0\u00bbdefault\u00a0\u00bb global_colors_info=\u00a0\u00bb{}\u00a0\u00bb][et_pb_fullwidth_header title=\u00a0\u00bbContacter votre Artisan fleuriste\u00a0\u00bb text_orientation=\u00a0\u00bbcenter\u00a0\u00bb header_scroll_down=\u00a0\u00bbon\u00a0\u00bb scroll_down_icon=\u00a0\u00bb%%4%%\u00a0\u00bb scroll_down_icon_color=\u00a0\u00bb#8d8a61&Prime; scroll_down_icon_size=\u00a0\u00bb32px\u00a0\u00bb background_overlay_color=\u00a0\u00bbrgba(255,255,255,0.7)\u00a0\u00bb _builder_version=\u00a0\u00bb4.15&Prime; _module_preset=\u00a0\u00bbdefault\u00a0\u00bb title_font=\u00a0\u00bb|600|||||||\u00a0\u00bb title_text_color=\u00a0\u00bb#8d8a61&Prime; background_enable_color=\u00a0\u00bboff\u00a0\u00bb background_image=\u00a0\u00bbhttps:\/\/www.aldebert-fleuriste.fr\/wp-content\/uploads\/2022\/03\/fleuriste-traditionnel-saint-gely-proche-montpellier-mariage-deuil.jpg\u00a0\u00bb background_enable_video_mp4=\u00a0\u00bboff\u00a0\u00bb allow_player_pause=\u00a0\u00bbon\u00a0\u00bb background_layout=\u00a0\u00bblight\u00a0\u00bb module_alignment=\u00a0\u00bbcenter\u00a0\u00bb custom_padding=\u00a0\u00bb160px||160px||true|false\u00a0\u00bb global_colors_info=\u00a0\u00bb{}\u00a0\u00bb][\/et_pb_fullwidth_header][\/et_pb_section][et_pb_section fb_built=\u00a0\u00bb1&Prime; fullwidth=\u00a0\u00bbon\u00a0\u00bb _builder_version=\u00a0\u00bb4.9.2&Prime; _module_preset=\u00a0\u00bbdefault\u00a0\u00bb global_module=\u00a0\u00bb474&Prime; global_colors_info=\u00a0\u00bb{}\u00a0\u00bb][et_pb_fullwidth_menu fullwidth_menu=\u00a0\u00bbon\u00a0\u00bb active_link_color=\u00a0\u00bb#e56e74&Prime; logo=\u00a0\u00bbhttps:\/\/www.aldebert-fleuriste.fr\/wp-content\/uploads\/2022\/03\/logo-aldebert-fleuriste.jpg\u00a0\u00bb logo_max_width=\u00a0\u00bb14%\u00a0\u00bb _builder_version=\u00a0\u00bb4.15.1&Prime; _module_preset=\u00a0\u00bbdefault\u00a0\u00bb menu_font=\u00a0\u00bb|600|||||||\u00a0\u00bb menu_text_color=\u00a0\u00bb#000000&Prime; menu_font_size=\u00a0\u00bb18px\u00a0\u00bb background_color=\u00a0\u00bb#f5f0e4&Prime; width=\u00a0\u00bb100%\u00a0\u00bb sticky_position=\u00a0\u00bbtop\u00a0\u00bb global_colors_info=\u00a0\u00bb{}\u00a0\u00bb][\/et_pb_fullwidth_menu][\/et_pb_section][et_pb_section fb_built=\u00a0\u00bb1&Prime; _builder_version=\u00a0\u00bb4.15&Prime; _module_preset=\u00a0\u00bbdefault\u00a0\u00bb background_enable_color=\u00a0\u00bboff\u00a0\u00bb background_enable_image=\u00a0\u00bboff\u00a0\u00bb background_size=\u00a0\u00bbinitial\u00a0\u00bb background_position=\u00a0\u00bbbottom_right\u00a0\u00bb background_blend=\u00a0\u00bblighten\u00a0\u00bb custom_padding=\u00a0\u00bb20px||20px||true|false\u00a0\u00bb global_colors_info=\u00a0\u00bb{}\u00a0\u00bb][et_pb_row _builder_version=\u00a0\u00bb4.15&Prime; _module_preset=\u00a0\u00bbdefault\u00a0\u00bb global_colors_info=\u00a0\u00bb{}\u00a0\u00bb][et_pb_column type=\u00a0\u00bb4_4&Prime; _builder_version=\u00a0\u00bb4.15&Prime; _module_preset=\u00a0\u00bbdefault\u00a0\u00bb global_colors_info=\u00a0\u00bb{}\u00a0\u00bb][et_pb_text _builder_version=\u00a0\u00bb4.15&Prime; _module_preset=\u00a0\u00bbdefault\u00a0\u00bb header_font=\u00a0\u00bb||||||||\u00a0\u00bb header_font_size=\u00a0\u00bb35px\u00a0\u00bb header_2_font=\u00a0\u00bb||||||||\u00a0\u00bb header_2_text_align=\u00a0\u00bbcenter\u00a0\u00bb header_2_text_color=\u00a0\u00bb#8d8a61&Prime; header_2_font_size=\u00a0\u00bb30px\u00a0\u00bb module_alignment=\u00a0\u00bbleft\u00a0\u00bb global_colors_info=\u00a0\u00bb{}\u00a0\u00bb]<\/p>\n<h2>Aldebert Fleuriste<\/h2>\n<p>[\/et_pb_text][\/et_pb_column][\/et_pb_row][et_pb_row _builder_version=\u00a0\u00bb4.15&Prime; _module_preset=\u00a0\u00bbdefault\u00a0\u00bb global_colors_info=\u00a0\u00bb{}\u00a0\u00bb][et_pb_column type=\u00a0\u00bb4_4&Prime; _builder_version=\u00a0\u00bb4.15&Prime; _module_preset=\u00a0\u00bbdefault\u00a0\u00bb global_colors_info=\u00a0\u00bb{}\u00a0\u00bb][et_pb_text _builder_version=\u00a0\u00bb4.15.1&Prime; _module_preset=\u00a0\u00bbdefault\u00a0\u00bb global_colors_info=\u00a0\u00bb{}\u00a0\u00bb]<\/p>\n<h2 style=\"text-align: center;\"><strong>Je souhaite supprimer mes donn\u00e9es<\/strong><\/h2>\n<p>&nbsp;<\/p>\n<p style=\"text-align: center;\">Dans le cadre du <strong>RGPD <\/strong>vous trouverez ci-dessous la proc\u00e9dure pour :<br \/>\u2013 Retirer votre consentement<br \/>\u2013 Acc\u00e9der \u00e0 vos donn\u00e9es<br \/>\u2013 Modifier les donn\u00e9es<br \/>\u2013 Demander \u00e0 effacer vos donn\u00e9es<br \/>\u2013 Demander le transfert de vos donn\u00e9es<\/p>\n<p style=\"text-align: center;\">\t\t<form action=\"https:\/\/www.aldebert-fleuriste.fr\/wp-admin\/admin-ajax.php\" method=\"post\" id=\"gdrf-form\">\n\t\t\t<input type=\"hidden\" name=\"action\" value=\"gdrf_data_request\" \/>\n\t\t\t<input type=\"hidden\" name=\"gdrf_data_human_key\" id=\"gdrf_data_human_key\" value=\"40006\" \/>\n\t\t\t<input type=\"hidden\" name=\"gdrf_data_nonce\" id=\"gdrf_data_nonce\" value=\"fbf3d3325a\" \/>\n\n\t\t\t\t\t<div class=\"gdrf-field gdrf-field-action\" role=\"radiogroup\" aria-labelledby=\"gdrf-radio-label\">\n\t\t\t\t<p id=\"gdrf-radio-label\">\n\t\t\t\t\tS\u00e9lectionner un type de demande\u00a0:\t\t\t\t<\/p>\n\n\t\t\t\t<input id=\"gdrf-data-type-export\" class=\"gdrf-data-type-input\" type=\"radio\" name=\"gdrf_data_type\" value=\"export_personal_data\" \/>\n\t\t\t\t<label for=\"gdrf-data-type-export\" class=\"gdrf-data-type-label\">\n\t\t\t\t\tExporter mes donn\u00e9es personnelles\t\t\t\t<\/label>\n\t\t\t\t<br \/>\n\t\t\t\t<input id=\"gdrf-data-type-remove\" class=\"gdrf-data-type-input\" type=\"radio\" name=\"gdrf_data_type\" value=\"remove_personal_data\" \/>\n\t\t\t\t<label for=\"gdrf-data-type-remove\" class=\"gdrf-data-type-label\">\n\t\t\t\t\tSupprimer mes donn\u00e9es personnelles\t\t\t\t<\/label>\n\t\t\t<\/div>\n\t\t\n\t\t\t<p class=\"gdrf-field gdrf-field-email\">\n\t\t\t\t<label for=\"gdrf_data_email\">\n\t\t\t\t\tVotre adresse de messagerie (obligatoire)\t\t\t\t<\/label>\n\t\t\t\t<input type=\"email\" id=\"gdrf_data_email\" name=\"gdrf_data_email\" required \/>\n\t\t\t<\/p>\n\n\t\t\t<p class=\"gdrf-field gdrf-field-human\">\n\t\t\t\t<label for=\"gdrf_data_human\">\n\t\t\t\t\tV\u00e9rification antispam (obligatoire)\u00a0:\t\t\t\t\t4\u00a0+\u00a06\u00a0=\u00a0?\t\t\t\t<\/label>\n\t\t\t\t<input type=\"text\" id=\"gdrf_data_human\" name=\"gdrf_data_human\" required \/>\n\t\t\t<\/p>\n\n\t\t\t<p class=\"gdrf-field gdrf-field-submit\">\n\t\t\t\t<input id=\"gdrf-submit-button\" type=\"submit\" class=\"wp-element-button\" value=\"Envoyer la demande\" \/>\n\t\t\t<\/p>\n\t\t<\/form>\n\t\t<\/p>\n<p>[\/et_pb_text][\/et_pb_column][\/et_pb_row][\/et_pb_section][et_pb_section fb_built=\u00a0\u00bb1&Prime; _builder_version=\u00a0\u00bb4.14.9&Prime; _module_preset=\u00a0\u00bbdefault\u00a0\u00bb background_color=\u00a0\u00bb#f5f0e4&Prime; background_image=\u00a0\u00bbhttps:\/\/www.aldebert-fleuriste.fr\/wp-content\/uploads\/2022\/03\/fond-footer.png\u00a0\u00bb background_size=\u00a0\u00bbinitial\u00a0\u00bb background_blend=\u00a0\u00bbdarken\u00a0\u00bb global_module=\u00a0\u00bb471&Prime; saved_tabs=\u00a0\u00bball\u00a0\u00bb global_colors_info=\u00a0\u00bb{}\u00a0\u00bb][et_pb_row column_structure=\u00a0\u00bb1_4,1_4,1_4,1_4&Prime; _builder_version=\u00a0\u00bb4.15&Prime; _module_preset=\u00a0\u00bbdefault\u00a0\u00bb global_colors_info=\u00a0\u00bb{}\u00a0\u00bb][et_pb_column type=\u00a0\u00bb1_4&Prime; _builder_version=\u00a0\u00bb4.15&Prime; _module_preset=\u00a0\u00bbdefault\u00a0\u00bb global_colors_info=\u00a0\u00bb{}\u00a0\u00bb][et_pb_text _builder_version=\u00a0\u00bb4.15&Prime; _module_preset=\u00a0\u00bbdefault\u00a0\u00bb text_text_color=\u00a0\u00bb#000000&Prime; text_font_size=\u00a0\u00bb17px\u00a0\u00bb custom_margin=\u00a0\u00bb||10px||false|false\u00a0\u00bb custom_padding=\u00a0\u00bb||||false|false\u00a0\u00bb global_colors_info=\u00a0\u00bb{}\u00a0\u00bb]<\/p>\n<p><strong>Coordonn\u00e9es<\/strong><\/p>\n<p>[\/et_pb_text][et_pb_text _builder_version=\u00a0\u00bb4.15&Prime; _module_preset=\u00a0\u00bbdefault\u00a0\u00bb text_text_color=\u00a0\u00bb#000000&Prime; text_font_size=\u00a0\u00bb13px\u00a0\u00bb global_colors_info=\u00a0\u00bb{}\u00a0\u00bb]<\/p>\n<p><span style=\"color: #000000;\"><strong>Aldebert Fleuriste<\/strong><\/span><br \/><span style=\"text-decoration: underline;\"><span style=\"color: #000000;\"><a href=\"https:\/\/www.google.fr\/maps\/dir\/\/203+Grand'Rue,+34980+Saint-G%C3%A9ly-du-Fesc\/@43.692277,3.8037479,17z\/data=!4m9!4m8!1m0!1m5!1m1!1s0x12b6aa35a31be207:0xc8baacbf3b002753!2m2!1d3.8059366!2d43.6922731!3e0\" target=\"_blank\" rel=\"noopener\" style=\"color: #000000; text-decoration: underline;\">203 Grand Rue<br \/>34980 Saint G\u00e9ly-du-Fesc<\/a><\/span><\/span><\/p>\n<p><span style=\"color: #000000;\">T\u00e9l : <span style=\"text-decoration: underline;\"><a href=\"tel:+33467841738\" style=\"color: #000000; text-decoration: underline;\"> 04.67.84.17.38<\/a><\/span><\/span><br \/><span style=\"color: #000000;\">mail : <span style=\"text-decoration: underline;\"><a href=\"aldebert.fleuriste@orange.fr\" style=\"color: #000000; text-decoration: underline;\">aldebert.fleuriste@orange.fr<\/a> <\/span><\/span><\/p>\n<p>[\/et_pb_text][\/et_pb_column][et_pb_column type=\u00a0\u00bb1_4&Prime; _builder_version=\u00a0\u00bb4.15&Prime; _module_preset=\u00a0\u00bbdefault\u00a0\u00bb global_colors_info=\u00a0\u00bb{}\u00a0\u00bb][\/et_pb_column][et_pb_column type=\u00a0\u00bb1_4&Prime; _builder_version=\u00a0\u00bb4.15&Prime; _module_preset=\u00a0\u00bbdefault\u00a0\u00bb global_colors_info=\u00a0\u00bb{}\u00a0\u00bb][\/et_pb_column][et_pb_column type=\u00a0\u00bb1_4&Prime; _builder_version=\u00a0\u00bb4.15&Prime; _module_preset=\u00a0\u00bbdefault\u00a0\u00bb global_colors_info=\u00a0\u00bb{}\u00a0\u00bb][et_pb_text _builder_version=\u00a0\u00bb4.15&Prime; _module_preset=\u00a0\u00bbdefault\u00a0\u00bb text_text_color=\u00a0\u00bb#000000&Prime; text_font_size=\u00a0\u00bb17px\u00a0\u00bb custom_margin=\u00a0\u00bb||10px||false|false\u00a0\u00bb global_colors_info=\u00a0\u00bb{}\u00a0\u00bb]<\/p>\n<p><strong>Informations l\u00e9gales<\/strong><\/p>\n<p>[\/et_pb_text][et_pb_text _builder_version=\u00a0\u00bb4.15&Prime; _module_preset=\u00a0\u00bbdefault\u00a0\u00bb text_text_color=\u00a0\u00bb#000000&Prime; text_font_size=\u00a0\u00bb13px\u00a0\u00bb module_alignment=\u00a0\u00bbcenter\u00a0\u00bb global_colors_info=\u00a0\u00bb{}\u00a0\u00bb]<\/p>\n<p><span style=\"text-decoration: underline;\"><span style=\"color: #000000; text-decoration: underline;\">Contact<\/span><\/span><br \/><span style=\"text-decoration: underline;\"><span style=\"color: #000000; text-decoration: underline;\">Plan du site<\/span><\/span><br \/><span style=\"text-decoration: underline;\"><span style=\"color: #000000; text-decoration: underline;\">Mentions l\u00e9gale<\/span><\/span><br \/><span style=\"text-decoration: underline;\"><span style=\"color: #000000; text-decoration: underline;\">Politique de confidentialit\u00e9<\/span><\/span><br \/><span style=\"text-decoration: underline;\"><span style=\"color: #000000; text-decoration: underline;\">Suppression des donn\u00e9es<\/span><\/span><\/p>\n<p>[\/et_pb_text][\/et_pb_column][\/et_pb_row][\/et_pb_section]<\/p>\n","protected":false},"excerpt":{"rendered":"<p>Aldebert FleuristeJe souhaite supprimer mes donn\u00e9es &nbsp; Dans le cadre du RGPD vous trouverez ci-dessous la proc\u00e9dure pour :\u2013 Retirer votre consentement\u2013 Acc\u00e9der \u00e0 vos donn\u00e9es\u2013 Modifier les donn\u00e9es\u2013 Demander \u00e0 effacer vos donn\u00e9es\u2013 Demander le transfert de vos donn\u00e9es \t\t<form action=\"https:\/\/www.aldebert-fleuriste.fr\/wp-admin\/admin-ajax.php\" method=\"post\" id=\"gdrf-form\">\n\t\t\t<input type=\"hidden\" name=\"action\" value=\"gdrf_data_request\" \/>\n\t\t\t<input type=\"hidden\" name=\"gdrf_data_human_key\" id=\"gdrf_data_human_key\" value=\"50006\" \/>\n\t\t\t<input type=\"hidden\" name=\"gdrf_data_nonce\" id=\"gdrf_data_nonce\" value=\"fbf3d3325a\" \/>\n\n\t\t\t\t\t<div class=\"gdrf-field gdrf-field-action\" role=\"radiogroup\" aria-labelledby=\"gdrf-radio-label\">\n\t\t\t\t<p id=\"gdrf-radio-label\">\n\t\t\t\t\tS\u00e9lectionner un type de demande\u00a0:\t\t\t\t<\/p>\n\n\t\t\t\t<input id=\"gdrf-data-type-export\" class=\"gdrf-data-type-input\" type=\"radio\" name=\"gdrf_data_type\" value=\"export_personal_data\" \/>\n\t\t\t\t<label for=\"gdrf-data-type-export\" class=\"gdrf-data-type-label\">\n\t\t\t\t\tExporter mes donn\u00e9es personnelles\t\t\t\t<\/label>\n\t\t\t\t<br \/>\n\t\t\t\t<input id=\"gdrf-data-type-remove\" class=\"gdrf-data-type-input\" type=\"radio\" name=\"gdrf_data_type\" value=\"remove_personal_data\" \/>\n\t\t\t\t<label for=\"gdrf-data-type-remove\" class=\"gdrf-data-type-label\">\n\t\t\t\t\tSupprimer mes donn\u00e9es personnelles\t\t\t\t<\/label>\n\t\t\t<\/div>\n\t\t\n\t\t\t<p class=\"gdrf-field gdrf-field-email\">\n\t\t\t\t<label for=\"gdrf_data_email\">\n\t\t\t\t\tVotre adresse de messagerie (obligatoire)\t\t\t\t<\/label>\n\t\t\t\t<input type=\"email\" id=\"gdrf_data_email\" name=\"gdrf_data_email\" required \/>\n\t\t\t<\/p>\n\n\t\t\t<p class=\"gdrf-field gdrf-field-human\">\n\t\t\t\t<label for=\"gdrf_data_human\">\n\t\t\t\t\tV\u00e9rification antispam (obligatoire)\u00a0:\t\t\t\t\t5\u00a0+\u00a06\u00a0=\u00a0?\t\t\t\t<\/label>\n\t\t\t\t<input type=\"text\" id=\"gdrf_data_human\" name=\"gdrf_data_human\" required \/>\n\t\t\t<\/p>\n\n\t\t\t<p class=\"gdrf-field gdrf-field-submit\">\n\t\t\t\t<input id=\"gdrf-submit-button\" type=\"submit\" class=\"wp-element-button\" value=\"Envoyer la demande\" \/>\n\t\t\t<\/p>\n\t\t<\/form>\n\t\tCoordonn\u00e9esAldebert Fleuriste203 Grand Rue34980 Saint G\u00e9ly-du-Fesc T\u00e9l : 04.67.84.17.38mail : aldebert.fleuriste@orange.fr Informations l\u00e9galesContactPlan du siteMentions [&hellip;]<\/p>\n","protected":false},"author":1,"featured_media":0,"parent":0,"menu_order":0,"comment_status":"closed","ping_status":"closed","template":"page-template-blank.php","meta":{"_et_pb_use_builder":"on","_et_pb_old_content":"","_et_gb_content_width":"","footnotes":""},"class_list":["post-512","page","type-page","status-publish","hentry"],"yoast_head":"<!-- This site is optimized with the Yoast SEO plugin v27.4 - https:\/\/yoast.com\/product\/yoast-seo-wordpress\/ -->\n<title>Suppression des donn\u00e9es - Aldebert Fleuriste<\/title>\n<meta name=\"robots\" content=\"noindex, nofollow\" \/>\n<meta property=\"og:locale\" content=\"fr_FR\" \/>\n<meta property=\"og:type\" content=\"article\" \/>\n<meta property=\"og:title\" content=\"Suppression des donn\u00e9es - Aldebert Fleuriste\" \/>\n<meta property=\"og:description\" content=\"Aldebert FleuristeJe souhaite supprimer mes donn\u00e9es &nbsp; Dans le cadre du RGPD vous trouverez ci-dessous la proc\u00e9dure pour :\u2013 Retirer votre consentement\u2013 Acc\u00e9der \u00e0 vos donn\u00e9es\u2013 Modifier les donn\u00e9es\u2013 Demander \u00e0 effacer vos donn\u00e9es\u2013 Demander le transfert de vos donn\u00e9es Coordonn\u00e9esAldebert Fleuriste203 Grand Rue34980 Saint G\u00e9ly-du-Fesc T\u00e9l : 04.67.84.17.38mail : aldebert.fleuriste@orange.fr Informations l\u00e9galesContactPlan du siteMentions [&hellip;]\" \/>\n<meta property=\"og:url\" content=\"https:\/\/www.aldebert-fleuriste.fr\/index.php\/suppression-des-donnees\/\" \/>\n<meta property=\"og:site_name\" content=\"Aldebert Fleuriste\" \/>\n<meta property=\"article:modified_time\" content=\"2022-03-20T20:09:02+00:00\" \/>\n<meta name=\"twitter:card\" content=\"summary_large_image\" \/>\n<meta name=\"twitter:label1\" content=\"Dur\u00e9e de lecture estim\u00e9e\" \/>\n\t<meta name=\"twitter:data1\" content=\"3 minutes\" \/>\n<script type=\"application\/ld+json\" class=\"yoast-schema-graph\">{\"@context\":\"https:\\\/\\\/schema.org\",\"@graph\":[{\"@type\":\"WebPage\",\"@id\":\"https:\\\/\\\/www.aldebert-fleuriste.fr\\\/index.php\\\/suppression-des-donnees\\\/\",\"url\":\"https:\\\/\\\/www.aldebert-fleuriste.fr\\\/index.php\\\/suppression-des-donnees\\\/\",\"name\":\"Suppression des donn\u00e9es - Aldebert Fleuriste\",\"isPartOf\":{\"@id\":\"https:\\\/\\\/www.aldebert-fleuriste.fr\\\/#website\"},\"datePublished\":\"2022-03-20T20:03:31+00:00\",\"dateModified\":\"2022-03-20T20:09:02+00:00\",\"breadcrumb\":{\"@id\":\"https:\\\/\\\/www.aldebert-fleuriste.fr\\\/index.php\\\/suppression-des-donnees\\\/#breadcrumb\"},\"inLanguage\":\"fr-FR\",\"potentialAction\":[{\"@type\":\"ReadAction\",\"target\":[\"https:\\\/\\\/www.aldebert-fleuriste.fr\\\/index.php\\\/suppression-des-donnees\\\/\"]}]},{\"@type\":\"BreadcrumbList\",\"@id\":\"https:\\\/\\\/www.aldebert-fleuriste.fr\\\/index.php\\\/suppression-des-donnees\\\/#breadcrumb\",\"itemListElement\":[{\"@type\":\"ListItem\",\"position\":1,\"name\":\"Accueil\",\"item\":\"https:\\\/\\\/www.aldebert-fleuriste.fr\\\/\"},{\"@type\":\"ListItem\",\"position\":2,\"name\":\"Suppression des donn\u00e9es\"}]},{\"@type\":\"WebSite\",\"@id\":\"https:\\\/\\\/www.aldebert-fleuriste.fr\\\/#website\",\"url\":\"https:\\\/\\\/www.aldebert-fleuriste.fr\\\/\",\"name\":\"Aldebert Fleuriste\",\"description\":\"Votre artisan fleuriste \u00e0 Saint G\u00e9ly du Fesc\",\"potentialAction\":[{\"@type\":\"SearchAction\",\"target\":{\"@type\":\"EntryPoint\",\"urlTemplate\":\"https:\\\/\\\/www.aldebert-fleuriste.fr\\\/?s={search_term_string}\"},\"query-input\":{\"@type\":\"PropertyValueSpecification\",\"valueRequired\":true,\"valueName\":\"search_term_string\"}}],\"inLanguage\":\"fr-FR\"}]}<\/script>\n<!-- \/ Yoast SEO plugin. -->","yoast_head_json":{"title":"Suppression des donn\u00e9es - Aldebert Fleuriste","robots":{"index":"noindex","follow":"nofollow"},"og_locale":"fr_FR","og_type":"article","og_title":"Suppression des donn\u00e9es - Aldebert Fleuriste","og_description":"Aldebert FleuristeJe souhaite supprimer mes donn\u00e9es &nbsp; Dans le cadre du RGPD vous trouverez ci-dessous la proc\u00e9dure pour :\u2013 Retirer votre consentement\u2013 Acc\u00e9der \u00e0 vos donn\u00e9es\u2013 Modifier les donn\u00e9es\u2013 Demander \u00e0 effacer vos donn\u00e9es\u2013 Demander le transfert de vos donn\u00e9es Coordonn\u00e9esAldebert Fleuriste203 Grand Rue34980 Saint G\u00e9ly-du-Fesc T\u00e9l : 04.67.84.17.38mail : aldebert.fleuriste@orange.fr Informations l\u00e9galesContactPlan du siteMentions [&hellip;]","og_url":"https:\/\/www.aldebert-fleuriste.fr\/index.php\/suppression-des-donnees\/","og_site_name":"Aldebert Fleuriste","article_modified_time":"2022-03-20T20:09:02+00:00","twitter_card":"summary_large_image","twitter_misc":{"Dur\u00e9e de lecture estim\u00e9e":"3 minutes"},"schema":{"@context":"https:\/\/schema.org","@graph":[{"@type":"WebPage","@id":"https:\/\/www.aldebert-fleuriste.fr\/index.php\/suppression-des-donnees\/","url":"https:\/\/www.aldebert-fleuriste.fr\/index.php\/suppression-des-donnees\/","name":"Suppression des donn\u00e9es - Aldebert Fleuriste","isPartOf":{"@id":"https:\/\/www.aldebert-fleuriste.fr\/#website"},"datePublished":"2022-03-20T20:03:31+00:00","dateModified":"2022-03-20T20:09:02+00:00","breadcrumb":{"@id":"https:\/\/www.aldebert-fleuriste.fr\/index.php\/suppression-des-donnees\/#breadcrumb"},"inLanguage":"fr-FR","potentialAction":[{"@type":"ReadAction","target":["https:\/\/www.aldebert-fleuriste.fr\/index.php\/suppression-des-donnees\/"]}]},{"@type":"BreadcrumbList","@id":"https:\/\/www.aldebert-fleuriste.fr\/index.php\/suppression-des-donnees\/#breadcrumb","itemListElement":[{"@type":"ListItem","position":1,"name":"Accueil","item":"https:\/\/www.aldebert-fleuriste.fr\/"},{"@type":"ListItem","position":2,"name":"Suppression des donn\u00e9es"}]},{"@type":"WebSite","@id":"https:\/\/www.aldebert-fleuriste.fr\/#website","url":"https:\/\/www.aldebert-fleuriste.fr\/","name":"Aldebert Fleuriste","description":"Votre artisan fleuriste \u00e0 Saint G\u00e9ly du Fesc","potentialAction":[{"@type":"SearchAction","target":{"@type":"EntryPoint","urlTemplate":"https:\/\/www.aldebert-fleuriste.fr\/?s={search_term_string}"},"query-input":{"@type":"PropertyValueSpecification","valueRequired":true,"valueName":"search_term_string"}}],"inLanguage":"fr-FR"}]}},"_links":{"self":[{"href":"https:\/\/www.aldebert-fleuriste.fr\/index.php\/wp-json\/wp\/v2\/pages\/512","targetHints":{"allow":["GET"]}}],"collection":[{"href":"https:\/\/www.aldebert-fleuriste.fr\/index.php\/wp-json\/wp\/v2\/pages"}],"about":[{"href":"https:\/\/www.aldebert-fleuriste.fr\/index.php\/wp-json\/wp\/v2\/types\/page"}],"author":[{"embeddable":true,"href":"https:\/\/www.aldebert-fleuriste.fr\/index.php\/wp-json\/wp\/v2\/users\/1"}],"replies":[{"embeddable":true,"href":"https:\/\/www.aldebert-fleuriste.fr\/index.php\/wp-json\/wp\/v2\/comments?post=512"}],"version-history":[{"count":5,"href":"https:\/\/www.aldebert-fleuriste.fr\/index.php\/wp-json\/wp\/v2\/pages\/512\/revisions"}],"predecessor-version":[{"id":524,"href":"https:\/\/www.aldebert-fleuriste.fr\/index.php\/wp-json\/wp\/v2\/pages\/512\/revisions\/524"}],"wp:attachment":[{"href":"https:\/\/www.aldebert-fleuriste.fr\/index.php\/wp-json\/wp\/v2\/media?parent=512"}],"curies":[{"name":"wp","href":"https:\/\/api.w.org\/{rel}","templated":true}]}}