{"id":204,"date":"2016-01-29T12:01:38","date_gmt":"2016-01-29T11:01:38","guid":{"rendered":"https:\/\/www.aldebert-fleuriste.fr\/?page_id=204"},"modified":"2022-04-14T19:58:26","modified_gmt":"2022-04-14T18:58:26","slug":"contact-plan-dacces","status":"publish","type":"page","link":"https:\/\/www.aldebert-fleuriste.fr\/index.php\/contact-plan-dacces\/","title":{"rendered":"Contact &#038; plan d&rsquo;acc\u00e8s"},"content":{"rendered":"<p>[et_pb_section fb_built=\u00a0\u00bb1&Prime; fullwidth=\u00a0\u00bbon\u00a0\u00bb _builder_version=\u00a0\u00bb4.16&Prime; _module_preset=\u00a0\u00bbdefault\u00a0\u00bb global_colors_info=\u00a0\u00bb{}\u00a0\u00bb][et_pb_fullwidth_header title=\u00a0\u00bbContacter votre Artisan fleuriste\u00a0\u00bb text_orientation=\u00a0\u00bbcenter\u00a0\u00bb header_scroll_down=\u00a0\u00bbon\u00a0\u00bb scroll_down_icon=\u00a0\u00bb%%4%%\u00a0\u00bb scroll_down_icon_color=\u00a0\u00bb#8d8a61&Prime; scroll_down_icon_size=\u00a0\u00bb32px\u00a0\u00bb background_overlay_color=\u00a0\u00bbrgba(255,255,255,0.7)\u00a0\u00bb _builder_version=\u00a0\u00bb4.16&Prime; _module_preset=\u00a0\u00bbdefault\u00a0\u00bb title_font=\u00a0\u00bb|600|||||||\u00a0\u00bb title_text_color=\u00a0\u00bb#8d8a61&Prime; background_enable_color=\u00a0\u00bboff\u00a0\u00bb background_image=\u00a0\u00bbhttps:\/\/www.aldebert-fleuriste.fr\/wp-content\/uploads\/2022\/03\/fleuriste-traditionnel-saint-gely-proche-montpellier-mariage-deuil.jpg\u00a0\u00bb background_enable_video_mp4=\u00a0\u00bboff\u00a0\u00bb allow_player_pause=\u00a0\u00bbon\u00a0\u00bb background_layout=\u00a0\u00bblight\u00a0\u00bb module_alignment=\u00a0\u00bbcenter\u00a0\u00bb custom_padding=\u00a0\u00bb160px||160px||true|false\u00a0\u00bb global_colors_info=\u00a0\u00bb{}\u00a0\u00bb][\/et_pb_fullwidth_header][\/et_pb_section][et_pb_section fb_built=\u00a0\u00bb1&Prime; fullwidth=\u00a0\u00bbon\u00a0\u00bb _builder_version=\u00a0\u00bb4.9.2&Prime; _module_preset=\u00a0\u00bbdefault\u00a0\u00bb global_module=\u00a0\u00bb474&Prime; global_colors_info=\u00a0\u00bb{}\u00a0\u00bb][et_pb_fullwidth_menu fullwidth_menu=\u00a0\u00bboff\u00a0\u00bb active_link_color=\u00a0\u00bb#e56e74&Prime; logo=\u00a0\u00bbhttps:\/\/www.aldebert-fleuriste.fr\/wp-content\/uploads\/2022\/03\/logo-aldebert-fleuriste.jpg\u00a0\u00bb logo_url=\u00a0\u00bbhttps:\/\/www.aldebert-fleuriste.fr\/\u00a0\u00bb logo_max_width=\u00a0\u00bb12%\u00a0\u00bb _builder_version=\u00a0\u00bb4.16&Prime; _module_preset=\u00a0\u00bbdefault\u00a0\u00bb menu_font=\u00a0\u00bb|600|||||||\u00a0\u00bb menu_text_color=\u00a0\u00bb#000000&Prime; menu_font_size=\u00a0\u00bb18px\u00a0\u00bb background_color=\u00a0\u00bb#f5f0e4&Prime; text_orientation=\u00a0\u00bbright\u00a0\u00bb width=\u00a0\u00bb100%\u00a0\u00bb sticky_position=\u00a0\u00bbtop\u00a0\u00bb global_colors_info=\u00a0\u00bb{}\u00a0\u00bb][\/et_pb_fullwidth_menu][\/et_pb_section][et_pb_section fb_built=\u00a0\u00bb1&Prime; _builder_version=\u00a0\u00bb4.16&Prime; _module_preset=\u00a0\u00bbdefault\u00a0\u00bb background_enable_color=\u00a0\u00bboff\u00a0\u00bb background_enable_image=\u00a0\u00bboff\u00a0\u00bb background_size=\u00a0\u00bbinitial\u00a0\u00bb background_position=\u00a0\u00bbbottom_right\u00a0\u00bb background_blend=\u00a0\u00bblighten\u00a0\u00bb custom_padding=\u00a0\u00bb20px||20px||true|false\u00a0\u00bb global_colors_info=\u00a0\u00bb{}\u00a0\u00bb][et_pb_row _builder_version=\u00a0\u00bb4.16&Prime; _module_preset=\u00a0\u00bbdefault\u00a0\u00bb global_colors_info=\u00a0\u00bb{}\u00a0\u00bb][et_pb_column type=\u00a0\u00bb4_4&Prime; _builder_version=\u00a0\u00bb4.16&Prime; _module_preset=\u00a0\u00bbdefault\u00a0\u00bb global_colors_info=\u00a0\u00bb{}\u00a0\u00bb][et_pb_text _builder_version=\u00a0\u00bb4.16&Prime; _module_preset=\u00a0\u00bbdefault\u00a0\u00bb header_font=\u00a0\u00bb||||||||\u00a0\u00bb header_font_size=\u00a0\u00bb35px\u00a0\u00bb header_2_font=\u00a0\u00bb||||||||\u00a0\u00bb header_2_text_align=\u00a0\u00bbcenter\u00a0\u00bb header_2_text_color=\u00a0\u00bb#8d8a61&Prime; header_2_font_size=\u00a0\u00bb30px\u00a0\u00bb module_alignment=\u00a0\u00bbleft\u00a0\u00bb global_colors_info=\u00a0\u00bb{}\u00a0\u00bb]<\/p>\n<h2>Aldebert Fleuriste<\/h2>\n<p>[\/et_pb_text][\/et_pb_column][\/et_pb_row][et_pb_row column_structure=\u00a0\u00bb1_2,1_2&Prime; _builder_version=\u00a0\u00bb4.16&Prime; _module_preset=\u00a0\u00bbdefault\u00a0\u00bb global_colors_info=\u00a0\u00bb{}\u00a0\u00bb][et_pb_column type=\u00a0\u00bb1_2&Prime; _builder_version=\u00a0\u00bb4.16&Prime; _module_preset=\u00a0\u00bbdefault\u00a0\u00bb global_colors_info=\u00a0\u00bb{}\u00a0\u00bb][et_pb_contact_form success_message=\u00a0\u00bbMessage bien envoy\u00e9 !\u00a0\u00bb submit_button_text=\u00a0\u00bbEnvoyer ma demande\u00a0\u00bb _builder_version=\u00a0\u00bb4.17.0&Prime; _module_preset=\u00a0\u00bbdefault\u00a0\u00bb _unique_id=\u00a0\u00bb1b1c08e2-759c-4af9-8e6a-5e89786e932d\u00a0\u00bb hover_enabled=\u00a0\u00bb0&Prime; global_colors_info=\u00a0\u00bb{}\u00a0\u00bb email=\u00a0\u00bbaldebert.fleuriste@orange.fr\u00a0\u00bb sticky_enabled=\u00a0\u00bb0&Prime;][et_pb_contact_field field_id=\u00a0\u00bbNom\u00a0\u00bb field_title=\u00a0\u00bbNom\u00a0\u00bb _builder_version=\u00a0\u00bb4.16&Prime; global_colors_info=\u00a0\u00bb{}\u00a0\u00bb button_text_size__hover_enabled=\u00a0\u00bboff\u00a0\u00bb button_one_text_size__hover_enabled=\u00a0\u00bboff\u00a0\u00bb button_two_text_size__hover_enabled=\u00a0\u00bboff\u00a0\u00bb button_text_color__hover_enabled=\u00a0\u00bboff\u00a0\u00bb button_one_text_color__hover_enabled=\u00a0\u00bboff\u00a0\u00bb button_two_text_color__hover_enabled=\u00a0\u00bboff\u00a0\u00bb button_border_width__hover_enabled=\u00a0\u00bboff\u00a0\u00bb button_one_border_width__hover_enabled=\u00a0\u00bboff\u00a0\u00bb button_two_border_width__hover_enabled=\u00a0\u00bboff\u00a0\u00bb button_border_color__hover_enabled=\u00a0\u00bboff\u00a0\u00bb button_one_border_color__hover_enabled=\u00a0\u00bboff\u00a0\u00bb button_two_border_color__hover_enabled=\u00a0\u00bboff\u00a0\u00bb button_border_radius__hover_enabled=\u00a0\u00bboff\u00a0\u00bb button_one_border_radius__hover_enabled=\u00a0\u00bboff\u00a0\u00bb button_two_border_radius__hover_enabled=\u00a0\u00bboff\u00a0\u00bb button_letter_spacing__hover_enabled=\u00a0\u00bboff\u00a0\u00bb button_one_letter_spacing__hover_enabled=\u00a0\u00bboff\u00a0\u00bb button_two_letter_spacing__hover_enabled=\u00a0\u00bboff\u00a0\u00bb button_bg_color__hover_enabled=\u00a0\u00bboff\u00a0\u00bb button_one_bg_color__hover_enabled=\u00a0\u00bboff\u00a0\u00bb button_two_bg_color__hover_enabled=\u00a0\u00bboff\u00a0\u00bb][\/et_pb_contact_field][et_pb_contact_field field_id=\u00a0\u00bbprenom\u00a0\u00bb field_title=\u00a0\u00bbPr\u00e9nom\u00a0\u00bb _builder_version=\u00a0\u00bb4.16&Prime; _module_preset=\u00a0\u00bbdefault\u00a0\u00bb global_colors_info=\u00a0\u00bb{}\u00a0\u00bb][\/et_pb_contact_field][et_pb_contact_field field_id=\u00a0\u00bbEmail\u00a0\u00bb field_title=\u00a0\u00bbAdresse e-mail\u00a0\u00bb field_type=\u00a0\u00bbemail\u00a0\u00bb _builder_version=\u00a0\u00bb4.16&Prime; global_colors_info=\u00a0\u00bb{}\u00a0\u00bb button_text_size__hover_enabled=\u00a0\u00bboff\u00a0\u00bb button_one_text_size__hover_enabled=\u00a0\u00bboff\u00a0\u00bb button_two_text_size__hover_enabled=\u00a0\u00bboff\u00a0\u00bb button_text_color__hover_enabled=\u00a0\u00bboff\u00a0\u00bb button_one_text_color__hover_enabled=\u00a0\u00bboff\u00a0\u00bb button_two_text_color__hover_enabled=\u00a0\u00bboff\u00a0\u00bb button_border_width__hover_enabled=\u00a0\u00bboff\u00a0\u00bb button_one_border_width__hover_enabled=\u00a0\u00bboff\u00a0\u00bb button_two_border_width__hover_enabled=\u00a0\u00bboff\u00a0\u00bb button_border_color__hover_enabled=\u00a0\u00bboff\u00a0\u00bb button_one_border_color__hover_enabled=\u00a0\u00bboff\u00a0\u00bb button_two_border_color__hover_enabled=\u00a0\u00bboff\u00a0\u00bb button_border_radius__hover_enabled=\u00a0\u00bboff\u00a0\u00bb button_one_border_radius__hover_enabled=\u00a0\u00bboff\u00a0\u00bb button_two_border_radius__hover_enabled=\u00a0\u00bboff\u00a0\u00bb button_letter_spacing__hover_enabled=\u00a0\u00bboff\u00a0\u00bb button_one_letter_spacing__hover_enabled=\u00a0\u00bboff\u00a0\u00bb button_two_letter_spacing__hover_enabled=\u00a0\u00bboff\u00a0\u00bb button_bg_color__hover_enabled=\u00a0\u00bboff\u00a0\u00bb button_one_bg_color__hover_enabled=\u00a0\u00bboff\u00a0\u00bb button_two_bg_color__hover_enabled=\u00a0\u00bboff\u00a0\u00bb][\/et_pb_contact_field][et_pb_contact_field field_id=\u00a0\u00bbtelephone\u00a0\u00bb field_title=\u00a0\u00bbNum\u00e9ro de t\u00e9l\u00e9phone\u00a0\u00bb required_mark=\u00a0\u00bboff\u00a0\u00bb _builder_version=\u00a0\u00bb4.16&Prime; _module_preset=\u00a0\u00bbdefault\u00a0\u00bb global_colors_info=\u00a0\u00bb{}\u00a0\u00bb][\/et_pb_contact_field][et_pb_contact_field field_id=\u00a0\u00bbMessage\u00a0\u00bb field_title=\u00a0\u00bbMessage\u00a0\u00bb field_type=\u00a0\u00bbtext\u00a0\u00bb fullwidth_field=\u00a0\u00bbon\u00a0\u00bb _builder_version=\u00a0\u00bb4.16&Prime; global_colors_info=\u00a0\u00bb{}\u00a0\u00bb button_text_size__hover_enabled=\u00a0\u00bboff\u00a0\u00bb button_one_text_size__hover_enabled=\u00a0\u00bboff\u00a0\u00bb button_two_text_size__hover_enabled=\u00a0\u00bboff\u00a0\u00bb button_text_color__hover_enabled=\u00a0\u00bboff\u00a0\u00bb button_one_text_color__hover_enabled=\u00a0\u00bboff\u00a0\u00bb button_two_text_color__hover_enabled=\u00a0\u00bboff\u00a0\u00bb button_border_width__hover_enabled=\u00a0\u00bboff\u00a0\u00bb button_one_border_width__hover_enabled=\u00a0\u00bboff\u00a0\u00bb button_two_border_width__hover_enabled=\u00a0\u00bboff\u00a0\u00bb button_border_color__hover_enabled=\u00a0\u00bboff\u00a0\u00bb button_one_border_color__hover_enabled=\u00a0\u00bboff\u00a0\u00bb button_two_border_color__hover_enabled=\u00a0\u00bboff\u00a0\u00bb button_border_radius__hover_enabled=\u00a0\u00bboff\u00a0\u00bb button_one_border_radius__hover_enabled=\u00a0\u00bboff\u00a0\u00bb button_two_border_radius__hover_enabled=\u00a0\u00bboff\u00a0\u00bb button_letter_spacing__hover_enabled=\u00a0\u00bboff\u00a0\u00bb button_one_letter_spacing__hover_enabled=\u00a0\u00bboff\u00a0\u00bb button_two_letter_spacing__hover_enabled=\u00a0\u00bboff\u00a0\u00bb button_bg_color__hover_enabled=\u00a0\u00bboff\u00a0\u00bb button_one_bg_color__hover_enabled=\u00a0\u00bboff\u00a0\u00bb button_two_bg_color__hover_enabled=\u00a0\u00bboff\u00a0\u00bb][\/et_pb_contact_field][et_pb_contact_field field_id=\u00a0\u00bbRGPD\u00a0\u00bb field_title=\u00a0\u00bbRGPD\u00a0\u00bb field_type=\u00a0\u00bbcheckbox\u00a0\u00bb checkbox_options=\u00a0\u00bb%91{%22value%22:%22J&rsquo;accepte la politique de confidentialit\u00e9%22,%22checked%22:0,%22dragID%22:-1,%22link_url%22:%22https:\/\/www.aldebert-fleuriste.fr\/index.php\/politique-de-confidentialite\/%22,%22link_text%22:%22%22}%93&Prime; fullwidth_field=\u00a0\u00bbon\u00a0\u00bb _builder_version=\u00a0\u00bb4.16&Prime; _module_preset=\u00a0\u00bbdefault\u00a0\u00bb global_colors_info=\u00a0\u00bb{}\u00a0\u00bb][\/et_pb_contact_field][\/et_pb_contact_form][\/et_pb_column][et_pb_column type=\u00a0\u00bb1_2&Prime; _builder_version=\u00a0\u00bb4.16&Prime; _module_preset=\u00a0\u00bbdefault\u00a0\u00bb global_colors_info=\u00a0\u00bb{}\u00a0\u00bb][et_pb_code _builder_version=\u00a0\u00bb4.16&Prime; _module_preset=\u00a0\u00bbdefault\u00a0\u00bb global_colors_info=\u00a0\u00bb{}\u00a0\u00bb]<iframe src=\"https:\/\/www.google.com\/maps\/embed?pb=!1m18!1m12!1m3!1d2884.8790924781915!2d3.8037479157309053!3d43.692276957920505!2m3!1f0!2f0!3f0!3m2!1i1024!2i768!4f13.1!3m3!1m2!1s0x12b6aa35a36a343f%3A0x62d5cf049c3927fb!2sAldebert%20Fleuriste!5e0!3m2!1sfr!2sfr!4v1647855992969!5m2!1sfr!2sfr\" width=\"600\" height=\"450\" style=\"border:0;\" allowfullscreen=\"\" loading=\"lazy\"><\/iframe>[\/et_pb_code][\/et_pb_column][\/et_pb_row][\/et_pb_section][et_pb_section fb_built=\u00a0\u00bb1&Prime; _builder_version=\u00a0\u00bb4.14.9&Prime; _module_preset=\u00a0\u00bbdefault\u00a0\u00bb background_color=\u00a0\u00bb#f5f0e4&Prime; background_image=\u00a0\u00bbhttps:\/\/www.aldebert-fleuriste.fr\/wp-content\/uploads\/2022\/03\/fond-footer.png\u00a0\u00bb background_size=\u00a0\u00bbinitial\u00a0\u00bb background_blend=\u00a0\u00bbdarken\u00a0\u00bb global_module=\u00a0\u00bb471&Prime; saved_tabs=\u00a0\u00bball\u00a0\u00bb global_colors_info=\u00a0\u00bb{}\u00a0\u00bb][et_pb_row column_structure=\u00a0\u00bb1_4,1_4,1_4,1_4&Prime; _builder_version=\u00a0\u00bb4.16&Prime; _module_preset=\u00a0\u00bbdefault\u00a0\u00bb global_colors_info=\u00a0\u00bb{}\u00a0\u00bb][et_pb_column type=\u00a0\u00bb1_4&Prime; _builder_version=\u00a0\u00bb4.16&Prime; _module_preset=\u00a0\u00bbdefault\u00a0\u00bb global_colors_info=\u00a0\u00bb{}\u00a0\u00bb][et_pb_text _builder_version=\u00a0\u00bb4.16&Prime; _module_preset=\u00a0\u00bbdefault\u00a0\u00bb text_text_color=\u00a0\u00bb#000000&Prime; text_font_size=\u00a0\u00bb17px\u00a0\u00bb custom_margin=\u00a0\u00bb||10px||false|false\u00a0\u00bb custom_padding=\u00a0\u00bb||||false|false\u00a0\u00bb global_colors_info=\u00a0\u00bb{}\u00a0\u00bb]<\/p>\n<p><strong>Coordonn\u00e9es<\/strong><\/p>\n<p>[\/et_pb_text][et_pb_text _builder_version=\u00a0\u00bb4.16&Prime; _module_preset=\u00a0\u00bbdefault\u00a0\u00bb text_text_color=\u00a0\u00bb#000000&Prime; text_font_size=\u00a0\u00bb13px\u00a0\u00bb global_colors_info=\u00a0\u00bb{}\u00a0\u00bb]<\/p>\n<p><span style=\"color: #000000;\"><strong>Aldebert Fleuriste<\/strong><\/span><br \/><span style=\"text-decoration: underline;\"><span style=\"color: #000000;\"><a href=\"https:\/\/www.google.fr\/maps\/dir\/\/203+Grand'Rue,+34980+Saint-G%C3%A9ly-du-Fesc\/@43.692277,3.8037479,17z\/data=!4m9!4m8!1m0!1m5!1m1!1s0x12b6aa35a31be207:0xc8baacbf3b002753!2m2!1d3.8059366!2d43.6922731!3e0\" target=\"_blank\" rel=\"noopener\" style=\"color: #000000; text-decoration: underline;\">203 Grand Rue<br \/>34980 Saint G\u00e9ly-du-Fesc<\/a><\/span><\/span><\/p>\n<p><span style=\"color: #000000;\">T\u00e9l : <span style=\"text-decoration: underline;\"><a href=\"tel:+33467841738\" style=\"color: #000000; text-decoration: underline;\"> 04.67.84.17.38<\/a><\/span><\/span><br \/><span style=\"color: #000000;\">mail : <span style=\"text-decoration: underline;\"><a href=\"aldebert.fleuriste@orange.fr\" style=\"color: #000000; text-decoration: underline;\">aldebert.fleuriste@orange.fr<\/a> <\/span><\/span><\/p>\n<p>[\/et_pb_text][\/et_pb_column][et_pb_column type=\u00a0\u00bb1_4&Prime; _builder_version=\u00a0\u00bb4.16&Prime; _module_preset=\u00a0\u00bbdefault\u00a0\u00bb global_colors_info=\u00a0\u00bb{}\u00a0\u00bb][\/et_pb_column][et_pb_column type=\u00a0\u00bb1_4&Prime; _builder_version=\u00a0\u00bb4.16&Prime; _module_preset=\u00a0\u00bbdefault\u00a0\u00bb global_colors_info=\u00a0\u00bb{}\u00a0\u00bb][\/et_pb_column][et_pb_column type=\u00a0\u00bb1_4&Prime; _builder_version=\u00a0\u00bb4.16&Prime; _module_preset=\u00a0\u00bbdefault\u00a0\u00bb global_colors_info=\u00a0\u00bb{}\u00a0\u00bb][et_pb_text _builder_version=\u00a0\u00bb4.16&Prime; _module_preset=\u00a0\u00bbdefault\u00a0\u00bb text_text_color=\u00a0\u00bb#000000&Prime; text_font_size=\u00a0\u00bb17px\u00a0\u00bb custom_margin=\u00a0\u00bb||10px||false|false\u00a0\u00bb global_colors_info=\u00a0\u00bb{}\u00a0\u00bb]<\/p>\n<p><strong>Informations l\u00e9gales<\/strong><\/p>\n<p>[\/et_pb_text][et_pb_text _builder_version=\u00a0\u00bb4.16&Prime; _module_preset=\u00a0\u00bbdefault\u00a0\u00bb text_text_color=\u00a0\u00bb#000000&Prime; text_font_size=\u00a0\u00bb13px\u00a0\u00bb module_alignment=\u00a0\u00bbcenter\u00a0\u00bb global_colors_info=\u00a0\u00bb{}\u00a0\u00bb]<\/p>\n<p><a href=\"https:\/\/www.aldebert-fleuriste.fr\/index.php\/contact-plan-dacces\/\" title=\"Page contact\"><span style=\"text-decoration: underline;\"><span style=\"color: #000000; text-decoration: underline;\">Contact<\/span><\/span><\/a><br \/><a href=\"https:\/\/www.aldebert-fleuriste.fr\/index.php\/plan-du-site\/\"><span style=\"text-decoration: underline;\"><span style=\"color: #000000; text-decoration: underline;\">Plan du site<\/span><\/span><\/a><br \/><a href=\"https:\/\/www.aldebert-fleuriste.fr\/index.php\/mentions-legales\/\"><span style=\"text-decoration: underline;\"><span style=\"color: #000000; text-decoration: underline;\">Mentions l\u00e9gale<\/span><\/span><\/a><br \/><a href=\"https:\/\/www.aldebert-fleuriste.fr\/index.php\/politique-de-confidentialite\/\"><span style=\"text-decoration: underline;\"><span style=\"color: #000000; text-decoration: underline;\">Politique de confidentialit\u00e9<\/span><\/span><\/a><br \/><a href=\"https:\/\/www.aldebert-fleuriste.fr\/index.php\/suppression-des-donnees\/\"><span style=\"text-decoration: underline;\"><span style=\"color: #000000; text-decoration: underline;\">Suppression des donn\u00e9es<\/span><\/span><\/a><\/p>\n<p>[\/et_pb_text][\/et_pb_column][\/et_pb_row][\/et_pb_section]<\/p>\n","protected":false},"excerpt":{"rendered":"<p>Aldebert FleuristeCoordonn\u00e9esAldebert Fleuriste203 Grand Rue34980 Saint G\u00e9ly-du-Fesc T\u00e9l : 04.67.84.17.38mail : aldebert.fleuriste@orange.fr Informations l\u00e9galesContactPlan du siteMentions l\u00e9galePolitique de confidentialit\u00e9Suppression des donn\u00e9es<\/p>\n","protected":false},"author":1,"featured_media":0,"parent":0,"menu_order":0,"comment_status":"closed","ping_status":"closed","template":"page-template-blank.php","meta":{"_et_pb_use_builder":"on","_et_pb_old_content":"<p style=\"text-align: center;\">[contact-form-7 id=\"375\" title=\"formulaire2\"]<\/p><p><iframe style=\"border: 0;\" src=\"https:\/\/www.google.com\/maps\/embed?pb=!1m18!1m12!1m3!1d2039.916061316781!2d3.804560212951632!3d43.69232128893026!2m3!1f0!2f0!3f0!3m2!1i1024!2i768!4f13.1!3m3!1m2!1s0x12b6aa35a36a343f%3A0x62d5cf049c3927fb!2sAldebert+Fleuriste!5e0!3m2!1sfr!2sfr!4v1454063495151\" width=\"800\" height=\"600\" frameborder=\"0\" allowfullscreen=\"allowfullscreen\"><\/iframe><\/p>","_et_gb_content_width":"","footnotes":""},"class_list":["post-204","page","type-page","status-publish","hentry"],"yoast_head":"<!-- This site is optimized with the Yoast SEO plugin v27.4 - https:\/\/yoast.com\/product\/yoast-seo-wordpress\/ -->\n<title>Contact &amp; plan d&#039;acc\u00e8s - Aldebert Fleuriste<\/title>\n<meta name=\"robots\" content=\"index, follow, max-snippet:-1, max-image-preview:large, max-video-preview:-1\" \/>\n<link rel=\"canonical\" href=\"https:\/\/www.aldebert-fleuriste.fr\/index.php\/contact-plan-dacces\/\" \/>\n<meta property=\"og:locale\" content=\"fr_FR\" \/>\n<meta property=\"og:type\" content=\"article\" \/>\n<meta property=\"og:title\" content=\"Contact &amp; plan d&#039;acc\u00e8s - Aldebert Fleuriste\" \/>\n<meta property=\"og:description\" content=\"Aldebert FleuristeCoordonn\u00e9esAldebert Fleuriste203 Grand Rue34980 Saint G\u00e9ly-du-Fesc T\u00e9l : 04.67.84.17.38mail : aldebert.fleuriste@orange.fr Informations l\u00e9galesContactPlan du siteMentions l\u00e9galePolitique de confidentialit\u00e9Suppression des donn\u00e9es\" \/>\n<meta property=\"og:url\" content=\"https:\/\/www.aldebert-fleuriste.fr\/index.php\/contact-plan-dacces\/\" \/>\n<meta property=\"og:site_name\" content=\"Aldebert Fleuriste\" \/>\n<meta property=\"article:modified_time\" content=\"2022-04-14T18:58:26+00:00\" \/>\n<meta name=\"twitter:card\" content=\"summary_large_image\" \/>\n<meta name=\"twitter:label1\" content=\"Dur\u00e9e de lecture estim\u00e9e\" \/>\n\t<meta name=\"twitter:data1\" content=\"6 minutes\" \/>\n<script type=\"application\/ld+json\" class=\"yoast-schema-graph\">{\"@context\":\"https:\\\/\\\/schema.org\",\"@graph\":[{\"@type\":\"WebPage\",\"@id\":\"https:\\\/\\\/www.aldebert-fleuriste.fr\\\/index.php\\\/contact-plan-dacces\\\/\",\"url\":\"https:\\\/\\\/www.aldebert-fleuriste.fr\\\/index.php\\\/contact-plan-dacces\\\/\",\"name\":\"Contact & plan d'acc\u00e8s - Aldebert Fleuriste\",\"isPartOf\":{\"@id\":\"https:\\\/\\\/www.aldebert-fleuriste.fr\\\/#website\"},\"datePublished\":\"2016-01-29T11:01:38+00:00\",\"dateModified\":\"2022-04-14T18:58:26+00:00\",\"breadcrumb\":{\"@id\":\"https:\\\/\\\/www.aldebert-fleuriste.fr\\\/index.php\\\/contact-plan-dacces\\\/#breadcrumb\"},\"inLanguage\":\"fr-FR\",\"potentialAction\":[{\"@type\":\"ReadAction\",\"target\":[\"https:\\\/\\\/www.aldebert-fleuriste.fr\\\/index.php\\\/contact-plan-dacces\\\/\"]}]},{\"@type\":\"BreadcrumbList\",\"@id\":\"https:\\\/\\\/www.aldebert-fleuriste.fr\\\/index.php\\\/contact-plan-dacces\\\/#breadcrumb\",\"itemListElement\":[{\"@type\":\"ListItem\",\"position\":1,\"name\":\"Accueil\",\"item\":\"https:\\\/\\\/www.aldebert-fleuriste.fr\\\/\"},{\"@type\":\"ListItem\",\"position\":2,\"name\":\"Contact &#038; plan d&rsquo;acc\u00e8s\"}]},{\"@type\":\"WebSite\",\"@id\":\"https:\\\/\\\/www.aldebert-fleuriste.fr\\\/#website\",\"url\":\"https:\\\/\\\/www.aldebert-fleuriste.fr\\\/\",\"name\":\"Aldebert Fleuriste\",\"description\":\"Votre artisan fleuriste \u00e0 Saint G\u00e9ly du Fesc\",\"potentialAction\":[{\"@type\":\"SearchAction\",\"target\":{\"@type\":\"EntryPoint\",\"urlTemplate\":\"https:\\\/\\\/www.aldebert-fleuriste.fr\\\/?s={search_term_string}\"},\"query-input\":{\"@type\":\"PropertyValueSpecification\",\"valueRequired\":true,\"valueName\":\"search_term_string\"}}],\"inLanguage\":\"fr-FR\"}]}<\/script>\n<!-- \/ Yoast SEO plugin. -->","yoast_head_json":{"title":"Contact & plan d'acc\u00e8s - Aldebert Fleuriste","robots":{"index":"index","follow":"follow","max-snippet":"max-snippet:-1","max-image-preview":"max-image-preview:large","max-video-preview":"max-video-preview:-1"},"canonical":"https:\/\/www.aldebert-fleuriste.fr\/index.php\/contact-plan-dacces\/","og_locale":"fr_FR","og_type":"article","og_title":"Contact & plan d'acc\u00e8s - Aldebert Fleuriste","og_description":"Aldebert FleuristeCoordonn\u00e9esAldebert Fleuriste203 Grand Rue34980 Saint G\u00e9ly-du-Fesc T\u00e9l : 04.67.84.17.38mail : aldebert.fleuriste@orange.fr Informations l\u00e9galesContactPlan du siteMentions l\u00e9galePolitique de confidentialit\u00e9Suppression des donn\u00e9es","og_url":"https:\/\/www.aldebert-fleuriste.fr\/index.php\/contact-plan-dacces\/","og_site_name":"Aldebert Fleuriste","article_modified_time":"2022-04-14T18:58:26+00:00","twitter_card":"summary_large_image","twitter_misc":{"Dur\u00e9e de lecture estim\u00e9e":"6 minutes"},"schema":{"@context":"https:\/\/schema.org","@graph":[{"@type":"WebPage","@id":"https:\/\/www.aldebert-fleuriste.fr\/index.php\/contact-plan-dacces\/","url":"https:\/\/www.aldebert-fleuriste.fr\/index.php\/contact-plan-dacces\/","name":"Contact & plan d'acc\u00e8s - Aldebert Fleuriste","isPartOf":{"@id":"https:\/\/www.aldebert-fleuriste.fr\/#website"},"datePublished":"2016-01-29T11:01:38+00:00","dateModified":"2022-04-14T18:58:26+00:00","breadcrumb":{"@id":"https:\/\/www.aldebert-fleuriste.fr\/index.php\/contact-plan-dacces\/#breadcrumb"},"inLanguage":"fr-FR","potentialAction":[{"@type":"ReadAction","target":["https:\/\/www.aldebert-fleuriste.fr\/index.php\/contact-plan-dacces\/"]}]},{"@type":"BreadcrumbList","@id":"https:\/\/www.aldebert-fleuriste.fr\/index.php\/contact-plan-dacces\/#breadcrumb","itemListElement":[{"@type":"ListItem","position":1,"name":"Accueil","item":"https:\/\/www.aldebert-fleuriste.fr\/"},{"@type":"ListItem","position":2,"name":"Contact &#038; plan d&rsquo;acc\u00e8s"}]},{"@type":"WebSite","@id":"https:\/\/www.aldebert-fleuriste.fr\/#website","url":"https:\/\/www.aldebert-fleuriste.fr\/","name":"Aldebert Fleuriste","description":"Votre artisan fleuriste \u00e0 Saint G\u00e9ly du Fesc","potentialAction":[{"@type":"SearchAction","target":{"@type":"EntryPoint","urlTemplate":"https:\/\/www.aldebert-fleuriste.fr\/?s={search_term_string}"},"query-input":{"@type":"PropertyValueSpecification","valueRequired":true,"valueName":"search_term_string"}}],"inLanguage":"fr-FR"}]}},"_links":{"self":[{"href":"https:\/\/www.aldebert-fleuriste.fr\/index.php\/wp-json\/wp\/v2\/pages\/204","targetHints":{"allow":["GET"]}}],"collection":[{"href":"https:\/\/www.aldebert-fleuriste.fr\/index.php\/wp-json\/wp\/v2\/pages"}],"about":[{"href":"https:\/\/www.aldebert-fleuriste.fr\/index.php\/wp-json\/wp\/v2\/types\/page"}],"author":[{"embeddable":true,"href":"https:\/\/www.aldebert-fleuriste.fr\/index.php\/wp-json\/wp\/v2\/users\/1"}],"replies":[{"embeddable":true,"href":"https:\/\/www.aldebert-fleuriste.fr\/index.php\/wp-json\/wp\/v2\/comments?post=204"}],"version-history":[{"count":5,"href":"https:\/\/www.aldebert-fleuriste.fr\/index.php\/wp-json\/wp\/v2\/pages\/204\/revisions"}],"predecessor-version":[{"id":571,"href":"https:\/\/www.aldebert-fleuriste.fr\/index.php\/wp-json\/wp\/v2\/pages\/204\/revisions\/571"}],"wp:attachment":[{"href":"https:\/\/www.aldebert-fleuriste.fr\/index.php\/wp-json\/wp\/v2\/media?parent=204"}],"curies":[{"name":"wp","href":"https:\/\/api.w.org\/{rel}","templated":true}]}}